{"id":16218,"date":"2023-10-11T11:05:27","date_gmt":"2023-10-11T09:05:27","guid":{"rendered":"https:\/\/www.parishotelcanettes.com\/home-6\/"},"modified":"2024-02-19T14:18:21","modified_gmt":"2024-02-19T13:18:21","slug":"home-6","status":"publish","type":"page","link":"https:\/\/www.parishotelcanettes.com\/es\/","title":{"rendered":"Home"},"content":{"rendered":"\t\t<div data-elementor-type=\"wp-page\" data-elementor-id=\"16218\" class=\"elementor elementor-16218\">\n\t\t\t\t<div class=\"elementor-element elementor-element-af35e05 e-con-full e-flex parallax_section_no qode_elementor_container_no e-con e-parent\" data-id=\"af35e05\" data-element_type=\"container\">\n\t\t<div class=\"elementor-element elementor-element-3dce568 e-flex e-con-boxed parallax_section_no qode_elementor_container_no e-con e-child\" data-id=\"3dce568\" data-element_type=\"container\" data-settings=\"{&quot;background_background&quot;:&quot;classic&quot;}\">\n\t\t\t\t\t<div class=\"e-con-inner\">\n\t\t\t\t<div class=\"elementor-element elementor-element-e808d12 elementor-widget elementor-widget-text-editor\" data-id=\"e808d12\" data-element_type=\"widget\" data-widget_type=\"text-editor.default\">\n\t\t\t\t<div class=\"elementor-widget-container\">\n\t\t\t\t\t\t\t\t\t<h2 style=\"text-align: center; color: #fff;\">\u00a1Bienvenidos al Hotel Trendy Canettes!<\/h2>\n<p style=\"text-align: center; color: #fff; margin-top: 50px;\">Con sus 23 habitaciones, este hotel tipo casa situado en el distrito 6,\nes un lugar \u00fanico en su g\u00e9nero, un lugar m\u00e1s acogedor que intimidante donde tomamos\nvida realmente genial. Aqu\u00ed, sin complicaciones, sin una apariencia totalmente sobrevalorada, sino un estado\n\u00a1Esp\u00edritu, color y objetos de dise\u00f1o para hacer la vida feliz! Y luego, el \u00faltimo pero\nNo menos importante: ropa de cama de alta calidad, aire acondicionado reversible y fibra.\nen todos lados !<\/p>\t\t\t\t\t\t\t\t<\/div>\n\t\t\t\t<\/div>\n\t\t\t\t\t<\/div>\n\t\t\t\t<\/div>\n\t\t\t\t<\/div>\n\t\t<div class=\"elementor-element elementor-element-2b280da e-con-full e-flex parallax_section_no qode_elementor_container_no e-con e-parent\" data-id=\"2b280da\" data-element_type=\"container\">\n\t\t<div class=\"elementor-element elementor-element-1454886 e-con-full home-texte-container e-flex parallax_section_no qode_elementor_container_no elementor-invisible e-con e-child\" data-id=\"1454886\" data-element_type=\"container\" data-settings=\"{&quot;background_background&quot;:&quot;classic&quot;,&quot;animation&quot;:&quot;fadeInLeft&quot;}\">\n\t\t\t\t<div class=\"elementor-element elementor-element-126877b elementor-absolute home-texte elementor-widget elementor-widget-html\" data-id=\"126877b\" data-element_type=\"widget\" data-settings=\"{&quot;_position&quot;:&quot;absolute&quot;}\" data-widget_type=\"html.default\">\n\t\t\t\t<div class=\"elementor-widget-container\">\n\t\t\t\t\t<div class=\"titre-home\"><a href=\"https:\/\/www.parishotelcanettes.com\/es\/moon-bedrooms\/\"><h3>DORMIR<br><span>un poco<\/span><\/h3><\/a><\/div>\t\t\t\t<\/div>\n\t\t\t\t<\/div>\n\t\t\t\t<\/div>\n\t\t<div class=\"elementor-element elementor-element-c83dd36 e-con-full e-flex parallax_section_no qode_elementor_container_no elementor-invisible e-con e-child\" data-id=\"c83dd36\" data-element_type=\"container\" data-settings=\"{&quot;background_background&quot;:&quot;classic&quot;,&quot;animation&quot;:&quot;fadeInRight&quot;}\">\n\t\t\t\t<div class=\"elementor-element elementor-element-6093be1 elementor-widget elementor-widget-image\" data-id=\"6093be1\" data-element_type=\"widget\" data-widget_type=\"image.default\">\n\t\t\t\t<div class=\"elementor-widget-container\">\n\t\t\t\t\t\t\t\t\t\t\t\t\t\t\t<img fetchpriority=\"high\" decoding=\"async\" width=\"750\" height=\"750\" src=\"https:\/\/www.parishotelcanettes.com\/wp-content\/uploads\/2024\/02\/suite-2.jpg\" class=\"attachment-full size-full wp-image-16910\" alt=\"\" srcset=\"https:\/\/www.parishotelcanettes.com\/wp-content\/uploads\/2024\/02\/suite-2.jpg 750w, https:\/\/www.parishotelcanettes.com\/wp-content\/uploads\/2024\/02\/suite-2-300x300.jpg 300w, https:\/\/www.parishotelcanettes.com\/wp-content\/uploads\/2024\/02\/suite-2-150x150.jpg 150w, https:\/\/www.parishotelcanettes.com\/wp-content\/uploads\/2024\/02\/suite-2-570x570.jpg 570w, https:\/\/www.parishotelcanettes.com\/wp-content\/uploads\/2024\/02\/suite-2-500x500.jpg 500w, https:\/\/www.parishotelcanettes.com\/wp-content\/uploads\/2024\/02\/suite-2-700x700.jpg 700w, https:\/\/www.parishotelcanettes.com\/wp-content\/uploads\/2024\/02\/suite-2-650x650.jpg 650w\" sizes=\"(max-width: 750px) 100vw, 750px\" \/>\t\t\t\t\t\t\t\t\t\t\t\t\t\t\t<\/div>\n\t\t\t\t<\/div>\n\t\t\t\t<\/div>\n\t\t\t\t<\/div>\n\t\t<div class=\"elementor-element elementor-element-698d2b0 e-con-full e-flex parallax_section_no qode_elementor_container_no e-con e-parent\" data-id=\"698d2b0\" data-element_type=\"container\">\n\t\t<div class=\"elementor-element elementor-element-d7ca034 e-con-full e-flex parallax_section_no qode_elementor_container_no elementor-invisible e-con e-child\" data-id=\"d7ca034\" data-element_type=\"container\" data-settings=\"{&quot;background_background&quot;:&quot;classic&quot;,&quot;animation&quot;:&quot;fadeInRight&quot;}\">\n\t\t\t\t<div class=\"elementor-element elementor-element-57b4a74 elementor-widget elementor-widget-image\" data-id=\"57b4a74\" data-element_type=\"widget\" data-widget_type=\"image.default\">\n\t\t\t\t<div class=\"elementor-widget-container\">\n\t\t\t\t\t\t\t\t\t\t\t\t\t\t\t<img decoding=\"async\" width=\"750\" height=\"750\" src=\"https:\/\/www.parishotelcanettes.com\/wp-content\/uploads\/2023\/12\/sortir-beaucoup-home-1.jpg\" class=\"attachment-full size-full wp-image-16786\" alt=\"Sortir beaucoup\" srcset=\"https:\/\/www.parishotelcanettes.com\/wp-content\/uploads\/2023\/12\/sortir-beaucoup-home-1.jpg 750w, https:\/\/www.parishotelcanettes.com\/wp-content\/uploads\/2023\/12\/sortir-beaucoup-home-1-300x300.jpg 300w, https:\/\/www.parishotelcanettes.com\/wp-content\/uploads\/2023\/12\/sortir-beaucoup-home-1-150x150.jpg 150w, https:\/\/www.parishotelcanettes.com\/wp-content\/uploads\/2023\/12\/sortir-beaucoup-home-1-570x570.jpg 570w, https:\/\/www.parishotelcanettes.com\/wp-content\/uploads\/2023\/12\/sortir-beaucoup-home-1-500x500.jpg 500w, https:\/\/www.parishotelcanettes.com\/wp-content\/uploads\/2023\/12\/sortir-beaucoup-home-1-700x700.jpg 700w, https:\/\/www.parishotelcanettes.com\/wp-content\/uploads\/2023\/12\/sortir-beaucoup-home-1-650x650.jpg 650w\" sizes=\"(max-width: 750px) 100vw, 750px\" \/>\t\t\t\t\t\t\t\t\t\t\t\t\t\t\t<\/div>\n\t\t\t\t<\/div>\n\t\t\t\t<\/div>\n\t\t<div class=\"elementor-element elementor-element-54ec6bb e-con-full home-texte-container e-flex parallax_section_no qode_elementor_container_no elementor-invisible e-con e-child\" data-id=\"54ec6bb\" data-element_type=\"container\" data-settings=\"{&quot;background_background&quot;:&quot;classic&quot;,&quot;animation&quot;:&quot;fadeInLeft&quot;}\">\n\t\t\t\t<div class=\"elementor-element elementor-element-26a06c3 elementor-absolute home-texte elementor-widget elementor-widget-html\" data-id=\"26a06c3\" data-element_type=\"widget\" data-settings=\"{&quot;_position&quot;:&quot;absolute&quot;}\" data-widget_type=\"html.default\">\n\t\t\t\t<div class=\"elementor-widget-container\">\n\t\t\t\t\t<div class=\"titre-home\"><a href=\"https:\/\/www.parishotelcanettes.com\/es\/cool-events\/\"><h3>SALIR<br><span>Mucho<\/span><\/h3><\/a><\/div>\t\t\t\t<\/div>\n\t\t\t\t<\/div>\n\t\t\t\t<\/div>\n\t\t\t\t<\/div>\n\t\t\t\t<\/div>\n\t\t","protected":false},"excerpt":{"rendered":"<p>\u00a1Bienvenidos al Hotel Trendy Canettes! Con sus 23 habitaciones, este hotel tipo casa situado en el distrito 6, es un lugar \u00fanico en su g\u00e9nero, un lugar m\u00e1s acogedor que intimidante donde tomamos vida realmente genial. Aqu\u00ed, sin complicaciones, sin una apariencia totalmente sobrevalorada, sino&#8230;<\/p>\n","protected":false},"author":1,"featured_media":0,"parent":0,"menu_order":0,"comment_status":"open","ping_status":"open","template":"full_width.php","meta":{"footnotes":""},"class_list":["post-16218","page","type-page","status-publish","hentry"],"_links":{"self":[{"href":"https:\/\/www.parishotelcanettes.com\/es\/wp-json\/wp\/v2\/pages\/16218","targetHints":{"allow":["GET"]}}],"collection":[{"href":"https:\/\/www.parishotelcanettes.com\/es\/wp-json\/wp\/v2\/pages"}],"about":[{"href":"https:\/\/www.parishotelcanettes.com\/es\/wp-json\/wp\/v2\/types\/page"}],"author":[{"embeddable":true,"href":"https:\/\/www.parishotelcanettes.com\/es\/wp-json\/wp\/v2\/users\/1"}],"replies":[{"embeddable":true,"href":"https:\/\/www.parishotelcanettes.com\/es\/wp-json\/wp\/v2\/comments?post=16218"}],"version-history":[{"count":16,"href":"https:\/\/www.parishotelcanettes.com\/es\/wp-json\/wp\/v2\/pages\/16218\/revisions"}],"predecessor-version":[{"id":17099,"href":"https:\/\/www.parishotelcanettes.com\/es\/wp-json\/wp\/v2\/pages\/16218\/revisions\/17099"}],"wp:attachment":[{"href":"https:\/\/www.parishotelcanettes.com\/es\/wp-json\/wp\/v2\/media?parent=16218"}],"curies":[{"name":"wp","href":"https:\/\/api.w.org\/{rel}","templated":true}]}}