{"id":16216,"date":"2023-11-07T05:05:58","date_gmt":"2023-11-07T04:05:58","guid":{"rendered":"https:\/\/www.parishotelcanettes.com\/here-we-are\/"},"modified":"2023-12-16T17:07:25","modified_gmt":"2023-12-16T16:07:25","slug":"here-we-are","status":"publish","type":"page","link":"https:\/\/www.parishotelcanettes.com\/es\/here-we-are\/","title":{"rendered":"Here we are"},"content":{"rendered":"\t\t<div data-elementor-type=\"wp-page\" data-elementor-id=\"16216\" class=\"elementor elementor-16216\">\n\t\t\t\t<div class=\"elementor-element elementor-element-2b280da e-con-full e-flex parallax_section_no qode_elementor_container_no e-con e-parent\" data-id=\"2b280da\" data-element_type=\"container\">\n\t\t<div class=\"elementor-element elementor-element-1454886 e-con-full home-texte-container e-flex parallax_section_no qode_elementor_container_no elementor-invisible e-con e-child\" data-id=\"1454886\" data-element_type=\"container\" data-settings=\"{&quot;background_background&quot;:&quot;classic&quot;,&quot;animation&quot;:&quot;fadeInLeft&quot;}\">\n\t\t\t\t<div class=\"elementor-element elementor-element-126877b elementor-absolute home-texte elementor-widget elementor-widget-html\" data-id=\"126877b\" data-element_type=\"widget\" data-settings=\"{&quot;_position&quot;:&quot;absolute&quot;}\" data-widget_type=\"html.default\">\n\t\t\t\t<div class=\"elementor-widget-container\">\n\t\t\t\t\t<div class=\"titre-home\"><h1 style=\"color:#fff;\">HERE WE ARE<\/h1><\/div>\t\t\t\t<\/div>\n\t\t\t\t<\/div>\n\t\t\t\t<\/div>\n\t\t<div class=\"elementor-element elementor-element-c83dd36 e-con-full images-chambres e-flex parallax_section_no qode_elementor_container_no elementor-invisible e-con e-child\" data-id=\"c83dd36\" data-element_type=\"container\" data-settings=\"{&quot;background_background&quot;:&quot;classic&quot;,&quot;animation&quot;:&quot;fadeInRight&quot;}\">\n\t\t\t\t<div class=\"elementor-element elementor-element-6093be1 elementor-widget elementor-widget-image\" data-id=\"6093be1\" data-element_type=\"widget\" data-widget_type=\"image.default\">\n\t\t\t\t<div class=\"elementor-widget-container\">\n\t\t\t\t\t\t\t\t\t\t\t\t\t\t\t<img fetchpriority=\"high\" decoding=\"async\" width=\"500\" height=\"500\" src=\"https:\/\/www.parishotelcanettes.com\/wp-content\/uploads\/2023\/12\/sortir-beaucoup-500x500.jpg\" class=\"attachment-portfolio_masonry_regular size-portfolio_masonry_regular wp-image-16732\" alt=\"\" srcset=\"https:\/\/www.parishotelcanettes.com\/wp-content\/uploads\/2023\/12\/sortir-beaucoup-500x500.jpg 500w, https:\/\/www.parishotelcanettes.com\/wp-content\/uploads\/2023\/12\/sortir-beaucoup-150x150.jpg 150w, https:\/\/www.parishotelcanettes.com\/wp-content\/uploads\/2023\/12\/sortir-beaucoup-570x570.jpg 570w, https:\/\/www.parishotelcanettes.com\/wp-content\/uploads\/2023\/12\/sortir-beaucoup-1000x1000.jpg 1000w, https:\/\/www.parishotelcanettes.com\/wp-content\/uploads\/2023\/12\/sortir-beaucoup-650x650.jpg 650w\" sizes=\"(max-width: 500px) 100vw, 500px\" \/>\t\t\t\t\t\t\t\t\t\t\t\t\t\t\t<\/div>\n\t\t\t\t<\/div>\n\t\t\t\t<\/div>\n\t\t\t\t<\/div>\n\t\t<div class=\"elementor-element elementor-element-af35e05 e-con-full e-flex parallax_section_no qode_elementor_container_no e-con e-parent\" data-id=\"af35e05\" data-element_type=\"container\">\n\t\t<div class=\"elementor-element elementor-element-3dce568 e-flex e-con-boxed parallax_section_no qode_elementor_container_no e-con e-child\" data-id=\"3dce568\" data-element_type=\"container\" data-settings=\"{&quot;background_background&quot;:&quot;classic&quot;}\">\n\t\t\t\t\t<div class=\"e-con-inner\">\n\t\t\t\t<div class=\"elementor-element elementor-element-e808d12 elementor-widget elementor-widget-text-editor\" data-id=\"e808d12\" data-element_type=\"widget\" data-widget_type=\"text-editor.default\">\n\t\t\t\t<div class=\"elementor-widget-container\">\n\t\t\t\t\t\t\t\t\t<p><span style=\"color: #000000;\"><strong>Nuestra sede es el distrito 6. <\/strong><\/span><\/p><p style=\"text-align: center; color: #fff; margin-top: 30px;\"><span style=\"color: #000000;\">Situado entre la plaza Saint-Sulpice y el<br \/>boulevard Saint-Germain, nuestra peque\u00f1a calle, rue des Canettes, tambi\u00e9n t\u00edpica<br \/>que hist\u00f3rico, puede estar orgulloso de haber conservado su car\u00e1cter aut\u00e9ntico y, sobre todo,<br \/>estar en el centro de todo. Imprescindible para todo aquel que quiera tomarle el pulso a Par\u00eds. Margen Izquierda de<br \/>carrera, abierta a todo, \u00a1incluso escapadas a la Margen Derecha!<\/span><\/p><p style=\"text-align: center; color: #fff; margin-top: 30px;\"><span style=\"color: #000000;\"><br \/><strong>Metro :<\/strong> stations Saint-Germain-des-Pr\u00e9s\/Mabillon\/Od\u00e9on\/Saint-Sulpice<\/span><\/p><p style=\"text-align: center; color: #fff; margin-top: 30px;\"><span style=\"color: #000000;\"><br \/><strong>Autob\u00fas:<\/strong> 36 &#8211; 68 -70 &#8211; 84 -95<\/span><\/p><p style=\"text-align: center; color: #fff; margin-top: 30px;\"><span style=\"color: #000000;\"><br \/><strong>Estaciones Velib&#8217;:<\/strong> station 6012 Saint-Germain Ciseaux \/ 10 bicicletas el\u00e9ctricas, 5 bicicletas<br \/>mec\u00e1nico<\/span><\/p>\t\t\t\t\t\t\t\t<\/div>\n\t\t\t\t<\/div>\n\t\t\t\t<div class=\"elementor-element elementor-element-96f60ad elementor-widget elementor-widget-toggle\" data-id=\"96f60ad\" data-element_type=\"widget\" data-widget_type=\"toggle.default\">\n\t\t\t\t<div class=\"elementor-widget-container\">\n\t\t\t\t\t\t\t<div class=\"elementor-toggle\">\n\t\t\t\t\t\t\t<div class=\"elementor-toggle-item\">\n\t\t\t\t\t<div id=\"elementor-tab-title-1581\" class=\"elementor-tab-title\" data-tab=\"1\" role=\"button\" aria-controls=\"elementor-tab-content-1581\" aria-expanded=\"false\">\n\t\t\t\t\t\t\t\t\t\t\t\t<span class=\"elementor-toggle-icon elementor-toggle-icon-left\" aria-hidden=\"true\">\n\t\t\t\t\t\t\t\t\t\t\t\t\t\t\t<span class=\"elementor-toggle-icon-closed\"><i class=\"fas fa-caret-right\"><\/i><\/span>\n\t\t\t\t\t\t\t\t<span class=\"elementor-toggle-icon-opened\"><i class=\"elementor-toggle-icon-opened fas fa-caret-up\"><\/i><\/span>\n\t\t\t\t\t\t\t\t\t\t\t\t\t<\/span>\n\t\t\t\t\t\t\t\t\t\t\t\t<a class=\"elementor-toggle-title\" tabindex=\"0\">Encuentranos en el mapa!<\/a>\n\t\t\t\t\t<\/div>\n\n\t\t\t\t\t<div id=\"elementor-tab-content-1581\" class=\"elementor-tab-content elementor-clearfix\" data-tab=\"1\" role=\"region\" aria-labelledby=\"elementor-tab-title-1581\"><iframe src=\"https:\/\/www.google.com\/maps\/embed?pb=!1m18!1m12!1m3!1d10501.151830194036!2d2.3329513609921713!3d48.85271911914979!2m3!1f0!2f0!3f0!3m2!1i1024!2i768!4f13.1!3m3!1m2!1s0x47e671d9f1ec947d%3A0x1105e6a8a08646b3!2s17%20Rue%20des%20Canettes%2C%2075006%20Paris!5e0!3m2!1sfr!2sfr!4v1699330326024!5m2!1sfr!2sfr\" width=\"100%\" height=\"450\" style=\"border:0;\" allowfullscreen=\"\" loading=\"lazy\" referrerpolicy=\"no-referrer-when-downgrade\"><\/iframe><\/div>\n\t\t\t\t<\/div>\n\t\t\t\t\t\t\t\t<\/div>\n\t\t\t\t\t\t<\/div>\n\t\t\t\t<\/div>\n\t\t\t\t<div class=\"elementor-element elementor-element-96b9450 elementor-align-center elementor-widget elementor-widget-button\" data-id=\"96b9450\" data-element_type=\"widget\" data-widget_type=\"button.default\">\n\t\t\t\t<div class=\"elementor-widget-container\">\n\t\t\t\t\t\t\t\t\t<div class=\"elementor-button-wrapper\">\n\t\t\t\t\t<a class=\"elementor-button elementor-button-link elementor-size-sm\" href=\"https:\/\/www.secure-hotel-booking.com\/Trendy-Canettes-Hotel\/2LGK\/fr-FR?hotelId=5772\" target=\"_blank\">\n\t\t\t\t\t\t<span class=\"elementor-button-content-wrapper\">\n\t\t\t\t\t\t\t\t\t<span class=\"elementor-button-text\">It's for me !<\/span>\n\t\t\t\t\t<\/span>\n\t\t\t\t\t<\/a>\n\t\t\t\t<\/div>\n\t\t\t\t\t\t\t\t<\/div>\n\t\t\t\t<\/div>\n\t\t\t\t<div class=\"elementor-element elementor-element-4e1fe36 elementor-widget elementor-widget-spacer\" data-id=\"4e1fe36\" data-element_type=\"widget\" data-widget_type=\"spacer.default\">\n\t\t\t\t<div class=\"elementor-widget-container\">\n\t\t\t\t\t\t\t<div class=\"elementor-spacer\">\n\t\t\t<div class=\"elementor-spacer-inner\"><\/div>\n\t\t<\/div>\n\t\t\t\t\t\t<\/div>\n\t\t\t\t<\/div>\n\t\t\t\t\t<\/div>\n\t\t\t\t<\/div>\n\t\t\t\t<\/div>\n\t\t\t\t<\/div>\n\t\t","protected":false},"excerpt":{"rendered":"<p>HERE WE ARE Nuestra sede es el distrito 6. Situado entre la plaza Saint-Sulpice y elboulevard Saint-Germain, nuestra peque\u00f1a calle, rue des Canettes, tambi\u00e9n t\u00edpicaque hist\u00f3rico, puede estar orgulloso de haber conservado su car\u00e1cter aut\u00e9ntico y, sobre todo,estar en el centro de todo. Imprescindible para&#8230;<\/p>\n","protected":false},"author":1,"featured_media":0,"parent":0,"menu_order":0,"comment_status":"open","ping_status":"closed","template":"full_width.php","meta":{"footnotes":""},"class_list":["post-16216","page","type-page","status-publish","hentry"],"_links":{"self":[{"href":"https:\/\/www.parishotelcanettes.com\/es\/wp-json\/wp\/v2\/pages\/16216","targetHints":{"allow":["GET"]}}],"collection":[{"href":"https:\/\/www.parishotelcanettes.com\/es\/wp-json\/wp\/v2\/pages"}],"about":[{"href":"https:\/\/www.parishotelcanettes.com\/es\/wp-json\/wp\/v2\/types\/page"}],"author":[{"embeddable":true,"href":"https:\/\/www.parishotelcanettes.com\/es\/wp-json\/wp\/v2\/users\/1"}],"replies":[{"embeddable":true,"href":"https:\/\/www.parishotelcanettes.com\/es\/wp-json\/wp\/v2\/comments?post=16216"}],"version-history":[{"count":12,"href":"https:\/\/www.parishotelcanettes.com\/es\/wp-json\/wp\/v2\/pages\/16216\/revisions"}],"predecessor-version":[{"id":16774,"href":"https:\/\/www.parishotelcanettes.com\/es\/wp-json\/wp\/v2\/pages\/16216\/revisions\/16774"}],"wp:attachment":[{"href":"https:\/\/www.parishotelcanettes.com\/es\/wp-json\/wp\/v2\/media?parent=16216"}],"curies":[{"name":"wp","href":"https:\/\/api.w.org\/{rel}","templated":true}]}}