{"id":16212,"date":"2023-11-07T05:17:39","date_gmt":"2023-11-07T04:17:39","guid":{"rendered":"https:\/\/www.parishotelcanettes.com\/cool-events\/"},"modified":"2024-02-14T08:32:40","modified_gmt":"2024-02-14T07:32:40","slug":"cool-events","status":"publish","type":"page","link":"https:\/\/www.parishotelcanettes.com\/es\/cool-events\/","title":{"rendered":"Cool events"},"content":{"rendered":"\t\t<div data-elementor-type=\"wp-page\" data-elementor-id=\"16212\" class=\"elementor elementor-16212\">\n\t\t\t\t<div class=\"elementor-element elementor-element-2b280da e-con-full e-flex parallax_section_no qode_elementor_container_no e-con e-parent\" data-id=\"2b280da\" data-element_type=\"container\">\n\t\t<div class=\"elementor-element elementor-element-1454886 e-con-full home-texte-container e-flex parallax_section_no qode_elementor_container_no elementor-invisible e-con e-child\" data-id=\"1454886\" data-element_type=\"container\" data-settings=\"{&quot;background_background&quot;:&quot;classic&quot;,&quot;animation&quot;:&quot;fadeInLeft&quot;}\">\n\t\t\t\t<div class=\"elementor-element elementor-element-126877b elementor-absolute home-texte elementor-widget elementor-widget-html\" data-id=\"126877b\" data-element_type=\"widget\" data-settings=\"{&quot;_position&quot;:&quot;absolute&quot;}\" data-widget_type=\"html.default\">\n\t\t\t\t<div class=\"elementor-widget-container\">\n\t\t\t\t\t<div class=\"titre-home\"><h1 style=\"color:#fff!important;\">COOL EVENTS<\/h1><\/div>\t\t\t\t<\/div>\n\t\t\t\t<\/div>\n\t\t\t\t<\/div>\n\t\t<div class=\"elementor-element elementor-element-c83dd36 e-con-full images-chambres e-flex parallax_section_no qode_elementor_container_no elementor-invisible e-con e-child\" data-id=\"c83dd36\" data-element_type=\"container\" data-settings=\"{&quot;background_background&quot;:&quot;classic&quot;,&quot;animation&quot;:&quot;fadeInRight&quot;}\">\n\t\t\t\t<div class=\"elementor-element elementor-element-6093be1 elementor-widget elementor-widget-image\" data-id=\"6093be1\" data-element_type=\"widget\" data-widget_type=\"image.default\">\n\t\t\t\t<div class=\"elementor-widget-container\">\n\t\t\t\t\t\t\t\t\t\t\t\t\t\t\t<img fetchpriority=\"high\" decoding=\"async\" width=\"800\" height=\"600\" src=\"https:\/\/www.parishotelcanettes.com\/wp-content\/uploads\/2024\/02\/cool-events-800x600.jpg\" class=\"attachment-portfolio-landscape size-portfolio-landscape wp-image-17069\" alt=\"Cool events\" \/>\t\t\t\t\t\t\t\t\t\t\t\t\t\t\t<\/div>\n\t\t\t\t<\/div>\n\t\t\t\t<\/div>\n\t\t\t\t<\/div>\n\t\t<div class=\"elementor-element elementor-element-af35e05 e-con-full e-flex parallax_section_no qode_elementor_container_no e-con e-parent\" data-id=\"af35e05\" data-element_type=\"container\">\n\t\t<div class=\"elementor-element elementor-element-3dce568 e-flex e-con-boxed parallax_section_no qode_elementor_container_no e-con e-child\" data-id=\"3dce568\" data-element_type=\"container\" data-settings=\"{&quot;background_background&quot;:&quot;classic&quot;}\">\n\t\t\t\t\t<div class=\"e-con-inner\">\n\t\t\t\t<div class=\"elementor-element elementor-element-e808d12 elementor-widget elementor-widget-text-editor\" data-id=\"e808d12\" data-element_type=\"widget\" data-widget_type=\"text-editor.default\">\n\t\t\t\t<div class=\"elementor-widget-container\">\n\t\t\t\t\t\t\t\t\t<span style=\"color: #000000;\"><strong>Hay tantas cosas que hacer en nuestro vecindario que podr\u00edamos pasar el d\u00eda\nhablar.<\/strong><\/span>\n<p style=\"text-align: center; color: #fff; margin-top: 30px;\"><span style=\"color: #000000;\">Entre las peque\u00f1as vinotecas y los restaurantes de ambiente tremendamente relajado, el\nNoches interminables de discotecas, boutiques de dise\u00f1adores y galer\u00edas de arte en Saint-Germain-des Pr\u00e9s: \u00a1buen rollo garantizado!<\/strong><\/span><\/p>\t\t\t\t\t\t\t\t<\/div>\n\t\t\t\t<\/div>\n\t\t\t\t<div class=\"elementor-element elementor-element-96f60ad elementor-widget elementor-widget-toggle\" data-id=\"96f60ad\" data-element_type=\"widget\" data-widget_type=\"toggle.default\">\n\t\t\t\t<div class=\"elementor-widget-container\">\n\t\t\t\t\t\t\t<div class=\"elementor-toggle\">\n\t\t\t\t\t\t\t<div class=\"elementor-toggle-item\">\n\t\t\t\t\t<div id=\"elementor-tab-title-1581\" class=\"elementor-tab-title\" data-tab=\"1\" role=\"button\" aria-controls=\"elementor-tab-content-1581\" aria-expanded=\"false\">\n\t\t\t\t\t\t\t\t\t\t\t\t<span class=\"elementor-toggle-icon elementor-toggle-icon-left\" aria-hidden=\"true\">\n\t\t\t\t\t\t\t\t\t\t\t\t\t\t\t<span class=\"elementor-toggle-icon-closed\"><i class=\"fas fa-caret-right\"><\/i><\/span>\n\t\t\t\t\t\t\t\t<span class=\"elementor-toggle-icon-opened\"><i class=\"elementor-toggle-icon-opened fas fa-caret-up\"><\/i><\/span>\n\t\t\t\t\t\t\t\t\t\t\t\t\t<\/span>\n\t\t\t\t\t\t\t\t\t\t\t\t<a class=\"elementor-toggle-title\" tabindex=\"0\">Encuentranos en el mapa!<\/a>\n\t\t\t\t\t<\/div>\n\n\t\t\t\t\t<div id=\"elementor-tab-content-1581\" class=\"elementor-tab-content elementor-clearfix\" data-tab=\"1\" role=\"region\" aria-labelledby=\"elementor-tab-title-1581\"><iframe src=\"https:\/\/www.google.com\/maps\/embed?pb=!1m18!1m12!1m3!1d10501.151830194036!2d2.3329513609921713!3d48.85271911914979!2m3!1f0!2f0!3f0!3m2!1i1024!2i768!4f13.1!3m3!1m2!1s0x47e671d9f1ec947d%3A0x1105e6a8a08646b3!2s17%20Rue%20des%20Canettes%2C%2075006%20Paris!5e0!3m2!1sfr!2sfr!4v1699330326024!5m2!1sfr!2sfr\" width=\"100%\" height=\"450\" style=\"border:0;\" allowfullscreen=\"\" loading=\"lazy\" referrerpolicy=\"no-referrer-when-downgrade\"><\/iframe><\/div>\n\t\t\t\t<\/div>\n\t\t\t\t\t\t\t\t<\/div>\n\t\t\t\t\t\t<\/div>\n\t\t\t\t<\/div>\n\t\t\t\t<div class=\"elementor-element elementor-element-96b9450 elementor-align-center elementor-widget elementor-widget-button\" data-id=\"96b9450\" data-element_type=\"widget\" data-widget_type=\"button.default\">\n\t\t\t\t<div class=\"elementor-widget-container\">\n\t\t\t\t\t\t\t\t\t<div class=\"elementor-button-wrapper\">\n\t\t\t\t\t<a class=\"elementor-button elementor-button-link elementor-size-sm\" href=\"https:\/\/www.secure-hotel-booking.com\/Trendy-Canettes-Hotel\/2LGK\/es?hotelId=5772\" target=\"_blank\">\n\t\t\t\t\t\t<span class=\"elementor-button-content-wrapper\">\n\t\t\t\t\t\t\t\t\t<span class=\"elementor-button-text\">It's for me !<\/span>\n\t\t\t\t\t<\/span>\n\t\t\t\t\t<\/a>\n\t\t\t\t<\/div>\n\t\t\t\t\t\t\t\t<\/div>\n\t\t\t\t<\/div>\n\t\t\t\t<div class=\"elementor-element elementor-element-b0c1b15 elementor-widget elementor-widget-spacer\" data-id=\"b0c1b15\" data-element_type=\"widget\" data-widget_type=\"spacer.default\">\n\t\t\t\t<div class=\"elementor-widget-container\">\n\t\t\t\t\t\t\t<div class=\"elementor-spacer\">\n\t\t\t<div class=\"elementor-spacer-inner\"><\/div>\n\t\t<\/div>\n\t\t\t\t\t\t<\/div>\n\t\t\t\t<\/div>\n\t\t\t\t\t<\/div>\n\t\t\t\t<\/div>\n\t\t\t\t<\/div>\n\t\t\t\t<\/div>\n\t\t","protected":false},"excerpt":{"rendered":"<p>COOL EVENTS Hay tantas cosas que hacer en nuestro vecindario que podr\u00edamos pasar el d\u00eda hablar. Entre las peque\u00f1as vinotecas y los restaurantes de ambiente tremendamente relajado, el Noches interminables de discotecas, boutiques de dise\u00f1adores y galer\u00edas de arte en Saint-Germain-des Pr\u00e9s: \u00a1buen rollo garantizado!&#8230;<\/p>\n","protected":false},"author":1,"featured_media":0,"parent":0,"menu_order":0,"comment_status":"open","ping_status":"closed","template":"full_width.php","meta":{"footnotes":""},"class_list":["post-16212","page","type-page","status-publish","hentry"],"_links":{"self":[{"href":"https:\/\/www.parishotelcanettes.com\/es\/wp-json\/wp\/v2\/pages\/16212","targetHints":{"allow":["GET"]}}],"collection":[{"href":"https:\/\/www.parishotelcanettes.com\/es\/wp-json\/wp\/v2\/pages"}],"about":[{"href":"https:\/\/www.parishotelcanettes.com\/es\/wp-json\/wp\/v2\/types\/page"}],"author":[{"embeddable":true,"href":"https:\/\/www.parishotelcanettes.com\/es\/wp-json\/wp\/v2\/users\/1"}],"replies":[{"embeddable":true,"href":"https:\/\/www.parishotelcanettes.com\/es\/wp-json\/wp\/v2\/comments?post=16212"}],"version-history":[{"count":16,"href":"https:\/\/www.parishotelcanettes.com\/es\/wp-json\/wp\/v2\/pages\/16212\/revisions"}],"predecessor-version":[{"id":17081,"href":"https:\/\/www.parishotelcanettes.com\/es\/wp-json\/wp\/v2\/pages\/16212\/revisions\/17081"}],"wp:attachment":[{"href":"https:\/\/www.parishotelcanettes.com\/es\/wp-json\/wp\/v2\/media?parent=16212"}],"curies":[{"name":"wp","href":"https:\/\/api.w.org\/{rel}","templated":true}]}}