{"id":16210,"date":"2023-10-27T10:21:00","date_gmt":"2023-10-27T08:21:00","guid":{"rendered":"https:\/\/www.parishotelcanettes.com\/moon-bedrooms\/"},"modified":"2024-02-19T14:17:39","modified_gmt":"2024-02-19T13:17:39","slug":"moon-bedrooms","status":"publish","type":"page","link":"https:\/\/www.parishotelcanettes.com\/es\/moon-bedrooms\/","title":{"rendered":"Habitaciones"},"content":{"rendered":"\t\t<div data-elementor-type=\"wp-page\" data-elementor-id=\"16210\" class=\"elementor elementor-16210\">\n\t\t\t\t<div class=\"elementor-element elementor-element-af35e05 e-con-full e-flex parallax_section_no qode_elementor_container_no e-con e-parent\" data-id=\"af35e05\" data-element_type=\"container\">\n\t\t<div class=\"elementor-element elementor-element-3dce568 e-flex e-con-boxed parallax_section_no qode_elementor_container_no e-con e-child\" data-id=\"3dce568\" data-element_type=\"container\" data-settings=\"{&quot;background_background&quot;:&quot;classic&quot;}\">\n\t\t\t\t\t<div class=\"e-con-inner\">\n\t\t\t\t<div class=\"elementor-element elementor-element-e808d12 elementor-widget elementor-widget-text-editor\" data-id=\"e808d12\" data-element_type=\"widget\" data-widget_type=\"text-editor.default\">\n\t\t\t\t<div class=\"elementor-widget-container\">\n\t\t\t\t\t\t\t\t\t<h1 class=\"titre-pages\">Moon Bedrooms<\/h1>\n<p style=\"text-align: center; color: #fff; margin-top: 50px;\">Bonitos capullos con soluciones de dise\u00f1o que mezclan colores y decoraci\u00f3n con ropa de cama estupenda.\nAire acondicionado reversible y fibra. Espacios dise\u00f1ados para tom\u00e1rselo con calma,\nSo\u00f1ar despierto, dormir hasta medianoche.\nY los noct\u00e1mbulos y la gente fiestera\nque no pueden considerar salir de su habitaci\u00f3n antes de las primeras horas de la tarde son\ntranquilos: \u00a1se les ofrece un late check-out!<\/p>\t\t\t\t\t\t\t\t<\/div>\n\t\t\t\t<\/div>\n\t\t\t\t\t<\/div>\n\t\t\t\t<\/div>\n\t\t\t\t<\/div>\n\t\t<div class=\"elementor-element elementor-element-2b280da e-con-full e-flex parallax_section_no qode_elementor_container_no e-con e-parent\" data-id=\"2b280da\" data-element_type=\"container\">\n\t\t<div class=\"elementor-element elementor-element-1454886 e-con-full home-texte-container e-flex parallax_section_no qode_elementor_container_no elementor-invisible e-con e-child\" data-id=\"1454886\" data-element_type=\"container\" data-settings=\"{&quot;background_background&quot;:&quot;classic&quot;,&quot;animation&quot;:&quot;fadeInLeft&quot;}\">\n\t\t\t\t<div class=\"elementor-element elementor-element-126877b elementor-absolute home-texte elementor-widget elementor-widget-html\" data-id=\"126877b\" data-element_type=\"widget\" data-settings=\"{&quot;_position&quot;:&quot;absolute&quot;}\" data-widget_type=\"html.default\">\n\t\t\t\t<div class=\"elementor-widget-container\">\n\t\t\t\t\t<div class=\"titre-home\"><a href=\"https:\/\/www.parishotelcanettes.com\/es\/habitacion-individual-just-for-me\/\"><h3>JUST FOR ME<br><span>Individual<\/span><\/h3><\/a><\/div>\t\t\t\t<\/div>\n\t\t\t\t<\/div>\n\t\t\t\t<\/div>\n\t\t<div class=\"elementor-element elementor-element-c83dd36 e-con-full images-chambres e-flex parallax_section_no qode_elementor_container_no elementor-invisible e-con e-child\" data-id=\"c83dd36\" data-element_type=\"container\" data-settings=\"{&quot;background_background&quot;:&quot;classic&quot;,&quot;animation&quot;:&quot;fadeInRight&quot;}\">\n\t\t\t\t<div class=\"elementor-element elementor-element-6093be1 elementor-widget elementor-widget-image\" data-id=\"6093be1\" data-element_type=\"widget\" data-widget_type=\"image.default\">\n\t\t\t\t<div class=\"elementor-widget-container\">\n\t\t\t\t\t\t\t\t\t\t\t\t\t\t\t<img fetchpriority=\"high\" decoding=\"async\" width=\"800\" height=\"600\" src=\"https:\/\/www.parishotelcanettes.com\/wp-content\/uploads\/2024\/02\/chambre-solo-800x600.jpg\" class=\"attachment-portfolio-landscape size-portfolio-landscape wp-image-16946\" alt=\"\" \/>\t\t\t\t\t\t\t\t\t\t\t\t\t\t\t<\/div>\n\t\t\t\t<\/div>\n\t\t\t\t<\/div>\n\t\t\t\t<\/div>\n\t\t<div class=\"elementor-element elementor-element-698d2b0 e-con-full e-flex parallax_section_no qode_elementor_container_no e-con e-parent\" data-id=\"698d2b0\" data-element_type=\"container\">\n\t\t<div class=\"elementor-element elementor-element-d7ca034 e-con-full images-chambres e-flex parallax_section_no qode_elementor_container_no elementor-invisible e-con e-child\" data-id=\"d7ca034\" data-element_type=\"container\" data-settings=\"{&quot;background_background&quot;:&quot;classic&quot;,&quot;animation&quot;:&quot;fadeInRight&quot;}\">\n\t\t\t\t<div class=\"elementor-element elementor-element-57b4a74 elementor-widget elementor-widget-image\" data-id=\"57b4a74\" data-element_type=\"widget\" data-widget_type=\"image.default\">\n\t\t\t\t<div class=\"elementor-widget-container\">\n\t\t\t\t\t\t\t\t\t\t\t\t\t\t\t<img decoding=\"async\" width=\"800\" height=\"600\" src=\"https:\/\/www.parishotelcanettes.com\/wp-content\/uploads\/2024\/02\/chambre-classique-800x600.jpg\" class=\"attachment-portfolio-landscape size-portfolio-landscape wp-image-16934\" alt=\"\" \/>\t\t\t\t\t\t\t\t\t\t\t\t\t\t\t<\/div>\n\t\t\t\t<\/div>\n\t\t\t\t<\/div>\n\t\t<div class=\"elementor-element elementor-element-54ec6bb e-con-full home-texte-container e-flex parallax_section_no qode_elementor_container_no elementor-invisible e-con e-child\" data-id=\"54ec6bb\" data-element_type=\"container\" data-settings=\"{&quot;background_background&quot;:&quot;classic&quot;,&quot;animation&quot;:&quot;fadeInLeft&quot;}\">\n\t\t\t\t<div class=\"elementor-element elementor-element-26a06c3 elementor-absolute home-texte elementor-widget elementor-widget-html\" data-id=\"26a06c3\" data-element_type=\"widget\" data-settings=\"{&quot;_position&quot;:&quot;absolute&quot;}\" data-widget_type=\"html.default\">\n\t\t\t\t<div class=\"elementor-widget-container\">\n\t\t\t\t\t<div class=\"titre-home\"><a href=\"https:\/\/www.parishotelcanettes.com\/es\/habitacion-clasica\/\"><h3>CLASICA'UP<br><span>Doble<\/span><\/h3><\/a><\/div>\t\t\t\t<\/div>\n\t\t\t\t<\/div>\n\t\t\t\t<\/div>\n\t\t\t\t<\/div>\n\t\t<div class=\"elementor-element elementor-element-efae0a9 e-con-full e-flex parallax_section_no qode_elementor_container_no e-con e-parent\" data-id=\"efae0a9\" data-element_type=\"container\">\n\t\t<div class=\"elementor-element elementor-element-2041c14 e-con-full home-texte-container e-flex parallax_section_no qode_elementor_container_no elementor-invisible e-con e-child\" data-id=\"2041c14\" data-element_type=\"container\" data-settings=\"{&quot;background_background&quot;:&quot;classic&quot;,&quot;animation&quot;:&quot;fadeInLeft&quot;}\">\n\t\t\t\t<div class=\"elementor-element elementor-element-32e0dff elementor-absolute home-texte elementor-widget elementor-widget-html\" data-id=\"32e0dff\" data-element_type=\"widget\" data-settings=\"{&quot;_position&quot;:&quot;absolute&quot;}\" data-widget_type=\"html.default\">\n\t\t\t\t<div class=\"elementor-widget-container\">\n\t\t\t\t\t<div class=\"titre-home\"><a href=\"https:\/\/www.parishotelcanettes.com\/es\/habitacion-the-queen\/\"><h3>THE QUEEN<br><span>Doble Confort<\/span><\/h3><\/a><\/div>\t\t\t\t<\/div>\n\t\t\t\t<\/div>\n\t\t\t\t<\/div>\n\t\t<div class=\"elementor-element elementor-element-c080f1a e-con-full images-chambres e-flex parallax_section_no qode_elementor_container_no elementor-invisible e-con e-child\" data-id=\"c080f1a\" data-element_type=\"container\" data-settings=\"{&quot;background_background&quot;:&quot;classic&quot;,&quot;animation&quot;:&quot;fadeInRight&quot;}\">\n\t\t\t\t<div class=\"elementor-element elementor-element-41644b6 elementor-widget elementor-widget-image\" data-id=\"41644b6\" data-element_type=\"widget\" data-widget_type=\"image.default\">\n\t\t\t\t<div class=\"elementor-widget-container\">\n\t\t\t\t\t\t\t\t\t\t\t\t\t\t\t<img decoding=\"async\" width=\"800\" height=\"600\" src=\"https:\/\/www.parishotelcanettes.com\/wp-content\/uploads\/2024\/02\/chambre-confort--800x600.jpg\" class=\"attachment-portfolio-landscape size-portfolio-landscape wp-image-16940\" alt=\"\" \/>\t\t\t\t\t\t\t\t\t\t\t\t\t\t\t<\/div>\n\t\t\t\t<\/div>\n\t\t\t\t<\/div>\n\t\t\t\t<\/div>\n\t\t<div class=\"elementor-element elementor-element-64d0d1a e-con-full e-flex parallax_section_no qode_elementor_container_no e-con e-parent\" data-id=\"64d0d1a\" data-element_type=\"container\">\n\t\t<div class=\"elementor-element elementor-element-d0e4d3e e-con-full images-chambres e-flex parallax_section_no qode_elementor_container_no elementor-invisible e-con e-child\" data-id=\"d0e4d3e\" data-element_type=\"container\" data-settings=\"{&quot;background_background&quot;:&quot;classic&quot;,&quot;animation&quot;:&quot;fadeInRight&quot;}\">\n\t\t\t\t<div class=\"elementor-element elementor-element-3452050 elementor-widget elementor-widget-image\" data-id=\"3452050\" data-element_type=\"widget\" data-widget_type=\"image.default\">\n\t\t\t\t<div class=\"elementor-widget-container\">\n\t\t\t\t\t\t\t\t\t\t\t\t\t\t\t<img loading=\"lazy\" decoding=\"async\" width=\"675\" height=\"600\" src=\"https:\/\/www.parishotelcanettes.com\/wp-content\/uploads\/2023\/10\/500972596-675x600.jpg\" class=\"attachment-portfolio-landscape size-portfolio-landscape wp-image-15637\" alt=\"\" \/>\t\t\t\t\t\t\t\t\t\t\t\t\t\t\t<\/div>\n\t\t\t\t<\/div>\n\t\t\t\t<\/div>\n\t\t<div class=\"elementor-element elementor-element-9abeecf e-con-full home-texte-container e-flex parallax_section_no qode_elementor_container_no elementor-invisible e-con e-child\" data-id=\"9abeecf\" data-element_type=\"container\" data-settings=\"{&quot;background_background&quot;:&quot;classic&quot;,&quot;animation&quot;:&quot;fadeInLeft&quot;}\">\n\t\t\t\t<div class=\"elementor-element elementor-element-25a09d1 elementor-absolute home-texte elementor-widget elementor-widget-html\" data-id=\"25a09d1\" data-element_type=\"widget\" data-settings=\"{&quot;_position&quot;:&quot;absolute&quot;}\" data-widget_type=\"html.default\">\n\t\t\t\t<div class=\"elementor-widget-container\">\n\t\t\t\t\t<div class=\"titre-home\"><a href=\"https:\/\/www.parishotelcanettes.com\/es\/habitacion-the-king\/\"><h3>THE KING<br><span>superior<\/span><\/h3><\/a><\/div>\t\t\t\t<\/div>\n\t\t\t\t<\/div>\n\t\t\t\t<\/div>\n\t\t\t\t<\/div>\n\t\t<div class=\"elementor-element elementor-element-77fc80c e-con-full e-flex parallax_section_no qode_elementor_container_no e-con e-parent\" data-id=\"77fc80c\" data-element_type=\"container\">\n\t\t<div class=\"elementor-element elementor-element-30ba3b8 e-con-full home-texte-container e-flex parallax_section_no qode_elementor_container_no elementor-invisible e-con e-child\" data-id=\"30ba3b8\" data-element_type=\"container\" data-settings=\"{&quot;background_background&quot;:&quot;classic&quot;,&quot;animation&quot;:&quot;fadeInLeft&quot;}\">\n\t\t\t\t<div class=\"elementor-element elementor-element-fffccb7 elementor-absolute home-texte elementor-widget elementor-widget-html\" data-id=\"fffccb7\" data-element_type=\"widget\" data-settings=\"{&quot;_position&quot;:&quot;absolute&quot;}\" data-widget_type=\"html.default\">\n\t\t\t\t<div class=\"elementor-widget-container\">\n\t\t\t\t\t<div class=\"titre-home\"><a href=\"https:\/\/www.parishotelcanettes.com\/es\/habitacion-double-nest\/\"><h3>DOUBLE NEST<br><span>Suite Duplex<\/span><\/h3><\/a><\/div>\t\t\t\t<\/div>\n\t\t\t\t<\/div>\n\t\t\t\t<\/div>\n\t\t<div class=\"elementor-element elementor-element-5539f13 e-con-full images-chambres e-flex parallax_section_no qode_elementor_container_no elementor-invisible e-con e-child\" data-id=\"5539f13\" data-element_type=\"container\" data-settings=\"{&quot;background_background&quot;:&quot;classic&quot;,&quot;animation&quot;:&quot;fadeInRight&quot;}\">\n\t\t\t\t<div class=\"elementor-element elementor-element-9698ec0 elementor-widget elementor-widget-image\" data-id=\"9698ec0\" data-element_type=\"widget\" data-widget_type=\"image.default\">\n\t\t\t\t<div class=\"elementor-widget-container\">\n\t\t\t\t\t\t\t\t\t\t\t\t\t\t\t<img loading=\"lazy\" decoding=\"async\" width=\"800\" height=\"600\" src=\"https:\/\/www.parishotelcanettes.com\/wp-content\/uploads\/2024\/02\/suite-800x600.jpg\" class=\"attachment-portfolio-landscape size-portfolio-landscape wp-image-16904\" alt=\"\" \/>\t\t\t\t\t\t\t\t\t\t\t\t\t\t\t<\/div>\n\t\t\t\t<\/div>\n\t\t\t\t<\/div>\n\t\t\t\t<\/div>\n\t\t<div class=\"elementor-element elementor-element-e9e3a72 e-con-full e-flex parallax_section_no qode_elementor_container_no e-con e-parent\" data-id=\"e9e3a72\" data-element_type=\"container\">\n\t\t<div class=\"elementor-element elementor-element-7f9eadc e-con-full images-chambres e-flex parallax_section_no qode_elementor_container_no elementor-invisible e-con e-child\" data-id=\"7f9eadc\" data-element_type=\"container\" data-settings=\"{&quot;background_background&quot;:&quot;classic&quot;,&quot;animation&quot;:&quot;fadeInRight&quot;}\">\n\t\t\t\t<div class=\"elementor-element elementor-element-8d9ee84 elementor-widget elementor-widget-image\" data-id=\"8d9ee84\" data-element_type=\"widget\" data-widget_type=\"image.default\">\n\t\t\t\t<div class=\"elementor-widget-container\">\n\t\t\t\t\t\t\t\t\t\t\t\t\t\t\t<img loading=\"lazy\" decoding=\"async\" width=\"800\" height=\"600\" src=\"https:\/\/www.parishotelcanettes.com\/wp-content\/uploads\/2024\/02\/chambre-twin-800x600.jpg\" class=\"attachment-portfolio-landscape size-portfolio-landscape wp-image-16871\" alt=\"\" \/>\t\t\t\t\t\t\t\t\t\t\t\t\t\t\t<\/div>\n\t\t\t\t<\/div>\n\t\t\t\t<\/div>\n\t\t<div class=\"elementor-element elementor-element-0efd71c e-con-full home-texte-container e-flex parallax_section_no qode_elementor_container_no elementor-invisible e-con e-child\" data-id=\"0efd71c\" data-element_type=\"container\" data-settings=\"{&quot;background_background&quot;:&quot;classic&quot;,&quot;animation&quot;:&quot;fadeInLeft&quot;}\">\n\t\t\t\t<div class=\"elementor-element elementor-element-23f9e97 elementor-absolute home-texte elementor-widget elementor-widget-html\" data-id=\"23f9e97\" data-element_type=\"widget\" data-settings=\"{&quot;_position&quot;:&quot;absolute&quot;}\" data-widget_type=\"html.default\">\n\t\t\t\t<div class=\"elementor-widget-container\">\n\t\t\t\t\t<div class=\"titre-home\"><a href=\"https:\/\/www.parishotelcanettes.com\/es\/habitacion-the-big-one\/\"><h3>THE BIG ONE<br><span>Suite familiar<\/span><\/h3><\/a><\/div>\t\t\t\t<\/div>\n\t\t\t\t<\/div>\n\t\t\t\t<\/div>\n\t\t\t\t<\/div>\n\t\t\t\t<\/div>\n\t\t","protected":false},"excerpt":{"rendered":"<p>Moon Bedrooms Bonitos capullos con soluciones de dise\u00f1o que mezclan colores y decoraci\u00f3n con ropa de cama estupenda. Aire acondicionado reversible y fibra. Espacios dise\u00f1ados para tom\u00e1rselo con calma, So\u00f1ar despierto, dormir hasta medianoche. Y los noct\u00e1mbulos y la gente fiestera que no pueden considerar&#8230;<\/p>\n","protected":false},"author":1,"featured_media":0,"parent":0,"menu_order":0,"comment_status":"open","ping_status":"open","template":"full_width.php","meta":{"footnotes":""},"class_list":["post-16210","page","type-page","status-publish","hentry"],"_links":{"self":[{"href":"https:\/\/www.parishotelcanettes.com\/es\/wp-json\/wp\/v2\/pages\/16210","targetHints":{"allow":["GET"]}}],"collection":[{"href":"https:\/\/www.parishotelcanettes.com\/es\/wp-json\/wp\/v2\/pages"}],"about":[{"href":"https:\/\/www.parishotelcanettes.com\/es\/wp-json\/wp\/v2\/types\/page"}],"author":[{"embeddable":true,"href":"https:\/\/www.parishotelcanettes.com\/es\/wp-json\/wp\/v2\/users\/1"}],"replies":[{"embeddable":true,"href":"https:\/\/www.parishotelcanettes.com\/es\/wp-json\/wp\/v2\/comments?post=16210"}],"version-history":[{"count":22,"href":"https:\/\/www.parishotelcanettes.com\/es\/wp-json\/wp\/v2\/pages\/16210\/revisions"}],"predecessor-version":[{"id":17096,"href":"https:\/\/www.parishotelcanettes.com\/es\/wp-json\/wp\/v2\/pages\/16210\/revisions\/17096"}],"wp:attachment":[{"href":"https:\/\/www.parishotelcanettes.com\/es\/wp-json\/wp\/v2\/media?parent=16210"}],"curies":[{"name":"wp","href":"https:\/\/api.w.org\/{rel}","templated":true}]}}