{"id":16202,"date":"2023-11-16T15:13:49","date_gmt":"2023-11-16T14:13:49","guid":{"rendered":"https:\/\/www.parishotelcanettes.com\/chambre-double-nest\/"},"modified":"2024-02-13T10:02:07","modified_gmt":"2024-02-13T09:02:07","slug":"habitacion-double-nest","status":"publish","type":"page","link":"https:\/\/www.parishotelcanettes.com\/es\/habitacion-double-nest\/","title":{"rendered":"Habitacion Double Nest"},"content":{"rendered":"\t\t<div data-elementor-type=\"wp-page\" data-elementor-id=\"16202\" class=\"elementor elementor-16202\">\n\t\t\t\t<div class=\"elementor-element elementor-element-2b280da e-con-full e-flex parallax_section_no qode_elementor_container_no e-con e-parent\" data-id=\"2b280da\" data-element_type=\"container\">\n\t\t<div class=\"elementor-element elementor-element-1454886 e-con-full home-texte-container e-flex parallax_section_no qode_elementor_container_no elementor-invisible e-con e-child\" data-id=\"1454886\" data-element_type=\"container\" data-settings=\"{&quot;background_background&quot;:&quot;classic&quot;,&quot;animation&quot;:&quot;fadeInLeft&quot;}\">\n\t\t\t\t<div class=\"elementor-element elementor-element-126877b elementor-absolute home-texte elementor-widget elementor-widget-html\" data-id=\"126877b\" data-element_type=\"widget\" data-settings=\"{&quot;_position&quot;:&quot;absolute&quot;}\" data-widget_type=\"html.default\">\n\t\t\t\t<div class=\"elementor-widget-container\">\n\t\t\t\t\t<div class=\"titre-home\"><h1>DOUBLE NEST<br><span>Suite d\u00faplex<\/span><\/h1><\/div>\t\t\t\t<\/div>\n\t\t\t\t<\/div>\n\t\t\t\t<\/div>\n\t\t<div class=\"elementor-element elementor-element-c83dd36 e-con-full images-chambres e-flex parallax_section_no qode_elementor_container_no elementor-invisible e-con e-child\" data-id=\"c83dd36\" data-element_type=\"container\" data-settings=\"{&quot;background_background&quot;:&quot;classic&quot;,&quot;animation&quot;:&quot;fadeInRight&quot;}\">\n\t\t\t\t<div class=\"elementor-element elementor-element-6093be1 elementor-widget elementor-widget-image\" data-id=\"6093be1\" data-element_type=\"widget\" data-widget_type=\"image.default\">\n\t\t\t\t<div class=\"elementor-widget-container\">\n\t\t\t\t\t\t\t\t\t\t\t\t\t\t\t<img fetchpriority=\"high\" decoding=\"async\" width=\"1000\" height=\"1000\" src=\"https:\/\/www.parishotelcanettes.com\/wp-content\/uploads\/2024\/02\/suite-1000x1000.jpg\" class=\"attachment-portfolio_masonry_large size-portfolio_masonry_large wp-image-16904\" alt=\"\" srcset=\"https:\/\/www.parishotelcanettes.com\/wp-content\/uploads\/2024\/02\/suite-1000x1000.jpg 1000w, https:\/\/www.parishotelcanettes.com\/wp-content\/uploads\/2024\/02\/suite-150x150.jpg 150w, https:\/\/www.parishotelcanettes.com\/wp-content\/uploads\/2024\/02\/suite-570x570.jpg 570w, https:\/\/www.parishotelcanettes.com\/wp-content\/uploads\/2024\/02\/suite-500x500.jpg 500w, https:\/\/www.parishotelcanettes.com\/wp-content\/uploads\/2024\/02\/suite-650x650.jpg 650w\" sizes=\"(max-width: 1000px) 100vw, 1000px\" \/>\t\t\t\t\t\t\t\t\t\t\t\t\t\t\t<\/div>\n\t\t\t\t<\/div>\n\t\t\t\t<\/div>\n\t\t\t\t<\/div>\n\t\t<div class=\"elementor-element elementor-element-af35e05 e-con-full e-flex parallax_section_no qode_elementor_container_no e-con e-parent\" data-id=\"af35e05\" data-element_type=\"container\" data-settings=\"{&quot;background_background&quot;:&quot;classic&quot;}\">\n\t\t<div class=\"elementor-element elementor-element-3dce568 e-flex e-con-boxed parallax_section_no qode_elementor_container_no e-con e-child\" data-id=\"3dce568\" data-element_type=\"container\" data-settings=\"{&quot;background_background&quot;:&quot;classic&quot;}\">\n\t\t\t\t\t<div class=\"e-con-inner\">\n\t\t\t\t<div class=\"elementor-element elementor-element-e808d12 elementor-widget elementor-widget-text-editor\" data-id=\"e808d12\" data-element_type=\"widget\" data-widget_type=\"text-editor.default\">\n\t\t\t\t<div class=\"elementor-widget-container\">\n\t\t\t\t\t\t\t\t\t<p><span style=\"color: #000000;\"><strong>4 personas &#8211; 2 camas individuales y 1 cama doble<\/strong><\/span><\/p><p style=\"text-align: center; color: #fff; margin-top: 30px;\"><span style=\"color: #000000;\">Un espacio muy luminoso, dise\u00f1ado de forma dise\u00f1adora y \u00f3ptima en dos niveles para que padres e hijos se sientan inmediatamente a gusto. Cada uno tiene su propia habitaci\u00f3n: arriba con vistas a los tejados de Par\u00eds para los padres, abajo con una habitaci\u00f3n doble para los ni\u00f1os. La agradable sorpresa: \u00a1dos ba\u00f1os para que no te pises por la ma\u00f1ana!<\/span><\/p>\t\t\t\t\t\t\t\t<\/div>\n\t\t\t\t<\/div>\n\t\t\t\t<div class=\"elementor-element elementor-element-5cbf6e5 elementor-widget elementor-widget-image-carousel\" data-id=\"5cbf6e5\" data-element_type=\"widget\" data-settings=\"{&quot;navigation&quot;:&quot;none&quot;,&quot;infinite&quot;:&quot;no&quot;,&quot;image_spacing_custom&quot;:{&quot;unit&quot;:&quot;px&quot;,&quot;size&quot;:10,&quot;sizes&quot;:[]},&quot;autoplay&quot;:&quot;yes&quot;,&quot;pause_on_hover&quot;:&quot;yes&quot;,&quot;pause_on_interaction&quot;:&quot;yes&quot;,&quot;autoplay_speed&quot;:5000,&quot;speed&quot;:500,&quot;image_spacing_custom_tablet&quot;:{&quot;unit&quot;:&quot;px&quot;,&quot;size&quot;:&quot;&quot;,&quot;sizes&quot;:[]},&quot;image_spacing_custom_mobile&quot;:{&quot;unit&quot;:&quot;px&quot;,&quot;size&quot;:&quot;&quot;,&quot;sizes&quot;:[]}}\" data-widget_type=\"image-carousel.default\">\n\t\t\t\t<div class=\"elementor-widget-container\">\n\t\t\t\t\t\t\t<div class=\"elementor-image-carousel-wrapper swiper\" role=\"region\" aria-roledescription=\"carousel\" aria-label=\"Carrusel de im\u00e1genes\" dir=\"ltr\">\n\t\t\t<div class=\"elementor-image-carousel swiper-wrapper\" aria-live=\"off\">\n\t\t\t\t\t\t\t\t<div class=\"swiper-slide\" role=\"group\" aria-roledescription=\"slide\" aria-label=\"1 de 5\"><a data-elementor-open-lightbox=\"yes\" data-elementor-lightbox-slideshow=\"5cbf6e5\" data-e-action-hash=\"#elementor-action%3Aaction%3Dlightbox%26settings%3DeyJpZCI6MTY5MDQsInVybCI6Imh0dHBzOlwvXC93d3cucGFyaXNob3RlbGNhbmV0dGVzLmNvbVwvd3AtY29udGVudFwvdXBsb2Fkc1wvMjAyNFwvMDJcL3N1aXRlLmpwZyIsInNsaWRlc2hvdyI6IjVjYmY2ZTUifQ%3D%3D\" href=\"https:\/\/www.parishotelcanettes.com\/wp-content\/uploads\/2024\/02\/suite.jpg\"><figure class=\"swiper-slide-inner\"><img decoding=\"async\" class=\"swiper-slide-image\" src=\"https:\/\/www.parishotelcanettes.com\/wp-content\/uploads\/2024\/02\/suite-345x198.jpg\" alt=\"suite\" \/><\/figure><\/a><\/div><div class=\"swiper-slide\" role=\"group\" aria-roledescription=\"slide\" aria-label=\"2 de 5\"><a data-elementor-open-lightbox=\"yes\" data-elementor-lightbox-slideshow=\"5cbf6e5\" data-e-action-hash=\"#elementor-action%3Aaction%3Dlightbox%26settings%3DeyJpZCI6MTY5MjIsInVybCI6Imh0dHBzOlwvXC93d3cucGFyaXNob3RlbGNhbmV0dGVzLmNvbVwvd3AtY29udGVudFwvdXBsb2Fkc1wvMjAyNFwvMDJcL3N1aXRlLWdyYW5kLWxpdC5qcGciLCJzbGlkZXNob3ciOiI1Y2JmNmU1In0%3D\" href=\"https:\/\/www.parishotelcanettes.com\/wp-content\/uploads\/2024\/02\/suite-grand-lit.jpg\"><figure class=\"swiper-slide-inner\"><img decoding=\"async\" class=\"swiper-slide-image\" src=\"https:\/\/www.parishotelcanettes.com\/wp-content\/uploads\/2024\/02\/suite-grand-lit-345x198.jpg\" alt=\"suite-grand-lit\" \/><\/figure><\/a><\/div><div class=\"swiper-slide\" role=\"group\" aria-roledescription=\"slide\" aria-label=\"3 de 5\"><a data-elementor-open-lightbox=\"yes\" data-elementor-lightbox-slideshow=\"5cbf6e5\" data-e-action-hash=\"#elementor-action%3Aaction%3Dlightbox%26settings%3DeyJpZCI6MTY5MTksInVybCI6Imh0dHBzOlwvXC93d3cucGFyaXNob3RlbGNhbmV0dGVzLmNvbVwvd3AtY29udGVudFwvdXBsb2Fkc1wvMjAyNFwvMDJcL3N1aXRlLWR1cGxleC5qcGciLCJzbGlkZXNob3ciOiI1Y2JmNmU1In0%3D\" href=\"https:\/\/www.parishotelcanettes.com\/wp-content\/uploads\/2024\/02\/suite-duplex.jpg\"><figure class=\"swiper-slide-inner\"><img decoding=\"async\" class=\"swiper-slide-image\" src=\"https:\/\/www.parishotelcanettes.com\/wp-content\/uploads\/2024\/02\/suite-duplex-345x198.jpg\" alt=\"suite-duplex\" \/><\/figure><\/a><\/div><div class=\"swiper-slide\" role=\"group\" aria-roledescription=\"slide\" aria-label=\"4 de 5\"><a data-elementor-open-lightbox=\"yes\" data-elementor-lightbox-slideshow=\"5cbf6e5\" data-e-action-hash=\"#elementor-action%3Aaction%3Dlightbox%26settings%3DeyJpZCI6MTY5MTMsInVybCI6Imh0dHBzOlwvXC93d3cucGFyaXNob3RlbGNhbmV0dGVzLmNvbVwvd3AtY29udGVudFwvdXBsb2Fkc1wvMjAyNFwvMDJcL3N1aXRlLWRlY28uanBnIiwic2xpZGVzaG93IjoiNWNiZjZlNSJ9\" href=\"https:\/\/www.parishotelcanettes.com\/wp-content\/uploads\/2024\/02\/suite-deco.jpg\"><figure class=\"swiper-slide-inner\"><img decoding=\"async\" class=\"swiper-slide-image\" src=\"https:\/\/www.parishotelcanettes.com\/wp-content\/uploads\/2024\/02\/suite-deco-345x198.jpg\" alt=\"suite-deco\" \/><\/figure><\/a><\/div><div class=\"swiper-slide\" role=\"group\" aria-roledescription=\"slide\" aria-label=\"5 de 5\"><a data-elementor-open-lightbox=\"yes\" data-elementor-lightbox-slideshow=\"5cbf6e5\" data-e-action-hash=\"#elementor-action%3Aaction%3Dlightbox%26settings%3DeyJpZCI6MTYxNjgsInVybCI6Imh0dHBzOlwvXC93d3cucGFyaXNob3RlbGNhbmV0dGVzLmNvbVwvd3AtY29udGVudFwvdXBsb2Fkc1wvMjAyM1wvMTBcLzUwMDEzNzE5MC5qcGciLCJzbGlkZXNob3ciOiI1Y2JmNmU1In0%3D\" href=\"https:\/\/www.parishotelcanettes.com\/wp-content\/uploads\/2023\/10\/500137190.jpg\"><figure class=\"swiper-slide-inner\"><img decoding=\"async\" class=\"swiper-slide-image\" src=\"https:\/\/www.parishotelcanettes.com\/wp-content\/uploads\/2023\/10\/500137190-345x198.jpg\" alt=\"500137190\" \/><\/figure><\/a><\/div>\t\t\t<\/div>\n\t\t\t\t\t\t\t\n\t\t\t\t\t\t\t\t\t<\/div>\n\t\t\t\t\t\t<\/div>\n\t\t\t\t<\/div>\n\t\t<div class=\"elementor-element elementor-element-5967de1 e-flex e-con-boxed parallax_section_no qode_elementor_container_no e-con e-child\" data-id=\"5967de1\" data-element_type=\"container\">\n\t\t\t\t\t<div class=\"e-con-inner\">\n\t\t\t\t<div class=\"elementor-element elementor-element-9ead5ca elementor-absolute icone-details elementor-view-default elementor-widget elementor-widget-icon\" data-id=\"9ead5ca\" data-element_type=\"widget\" data-settings=\"{&quot;_position&quot;:&quot;absolute&quot;}\" data-widget_type=\"icon.default\">\n\t\t\t\t<div class=\"elementor-widget-container\">\n\t\t\t\t\t\t\t<div class=\"elementor-icon-wrapper\">\n\t\t\t<div class=\"elementor-icon\">\n\t\t\t<i aria-hidden=\"true\" class=\"fas fa-smoking-ban\"><\/i>\t\t\t<\/div>\n\t\t<\/div>\n\t\t\t\t\t\t<\/div>\n\t\t\t\t<\/div>\n\t\t\t\t<div class=\"elementor-element elementor-element-6020274 elementor-absolute icone-details elementor-view-default elementor-widget elementor-widget-icon\" data-id=\"6020274\" data-element_type=\"widget\" data-settings=\"{&quot;_position&quot;:&quot;absolute&quot;}\" data-widget_type=\"icon.default\">\n\t\t\t\t<div class=\"elementor-widget-container\">\n\t\t\t\t\t\t\t<div class=\"elementor-icon-wrapper\">\n\t\t\t<div class=\"elementor-icon\">\n\t\t\t<i aria-hidden=\"true\" class=\"fas fa-bath\"><\/i>\t\t\t<\/div>\n\t\t<\/div>\n\t\t\t\t\t\t<\/div>\n\t\t\t\t<\/div>\n\t\t\t\t<div class=\"elementor-element elementor-element-5c7f594 elementor-absolute icone-details elementor-view-default elementor-widget elementor-widget-icon\" data-id=\"5c7f594\" data-element_type=\"widget\" data-settings=\"{&quot;_position&quot;:&quot;absolute&quot;}\" data-widget_type=\"icon.default\">\n\t\t\t\t<div class=\"elementor-widget-container\">\n\t\t\t\t\t\t\t<div class=\"elementor-icon-wrapper\">\n\t\t\t<div class=\"elementor-icon\">\n\t\t\t<i aria-hidden=\"true\" class=\"fas fa-tv\"><\/i>\t\t\t<\/div>\n\t\t<\/div>\n\t\t\t\t\t\t<\/div>\n\t\t\t\t<\/div>\n\t\t\t\t<div class=\"elementor-element elementor-element-003d1c7 elementor-absolute icone-details elementor-view-default elementor-widget elementor-widget-icon\" data-id=\"003d1c7\" data-element_type=\"widget\" data-settings=\"{&quot;_position&quot;:&quot;absolute&quot;}\" data-widget_type=\"icon.default\">\n\t\t\t\t<div class=\"elementor-widget-container\">\n\t\t\t\t\t\t\t<div class=\"elementor-icon-wrapper\">\n\t\t\t<div class=\"elementor-icon\">\n\t\t\t<i aria-hidden=\"true\" class=\"fas fa-wifi\"><\/i>\t\t\t<\/div>\n\t\t<\/div>\n\t\t\t\t\t\t<\/div>\n\t\t\t\t<\/div>\n\t\t\t\t\t<\/div>\n\t\t\t\t<\/div>\n\t\t\t\t<div class=\"elementor-element elementor-element-96f60ad elementor-widget elementor-widget-toggle\" data-id=\"96f60ad\" data-element_type=\"widget\" data-widget_type=\"toggle.default\">\n\t\t\t\t<div class=\"elementor-widget-container\">\n\t\t\t\t\t\t\t<div class=\"elementor-toggle\">\n\t\t\t\t\t\t\t<div class=\"elementor-toggle-item\">\n\t\t\t\t\t<div id=\"elementor-tab-title-1581\" class=\"elementor-tab-title\" data-tab=\"1\" role=\"button\" aria-controls=\"elementor-tab-content-1581\" aria-expanded=\"false\">\n\t\t\t\t\t\t\t\t\t\t\t\t<span class=\"elementor-toggle-icon elementor-toggle-icon-left\" aria-hidden=\"true\">\n\t\t\t\t\t\t\t\t\t\t\t\t\t\t\t<span class=\"elementor-toggle-icon-closed\"><i class=\"fas fa-caret-right\"><\/i><\/span>\n\t\t\t\t\t\t\t\t<span class=\"elementor-toggle-icon-opened\"><i class=\"elementor-toggle-icon-opened fas fa-caret-up\"><\/i><\/span>\n\t\t\t\t\t\t\t\t\t\t\t\t\t<\/span>\n\t\t\t\t\t\t\t\t\t\t\t\t<a class=\"elementor-toggle-title\" tabindex=\"0\">Moon bedrooms en detalles<\/a>\n\t\t\t\t\t<\/div>\n\n\t\t\t\t\t<div id=\"elementor-tab-content-1581\" class=\"elementor-tab-content elementor-clearfix\" data-tab=\"1\" role=\"region\" aria-labelledby=\"elementor-tab-title-1581\"><ul class=\"room-description-details-amenities\" data-bind=\"foreach: servicios\"><li class=\"room-description-details-amenity\" data-bind=\"text: name\">No fumar<\/li><li class=\"room-description-details-amenity\" data-bind=\"text: name\">Ba\u00f1o privado<\/li><li class=\"room-description-details-amenity\" data-bind=\"text: name\">Secador de pelo<\/li><li class=\"room-description-details-amenity\" data-bind=\"text: name\">Ducha<\/li><li class=\"room-description-details-amenity\" data-bind=\"text: name\">TV de pantalla plana<\/li><li class=\"room-description-details-amenity\" data-bind=\"text: name\">Canales tem\u00e1ticos<\/li><li class=\"room-description-details-amenity\" data-bind=\"text: name\">Wi-fi<\/li><\/ul><\/div>\n\t\t\t\t<\/div>\n\t\t\t\t\t\t\t\t<\/div>\n\t\t\t\t\t\t<\/div>\n\t\t\t\t<\/div>\n\t\t\t\t<div class=\"elementor-element elementor-element-96b9450 elementor-align-center elementor-widget elementor-widget-button\" data-id=\"96b9450\" data-element_type=\"widget\" data-widget_type=\"button.default\">\n\t\t\t\t<div class=\"elementor-widget-container\">\n\t\t\t\t\t\t\t\t\t<div class=\"elementor-button-wrapper\">\n\t\t\t\t\t<a class=\"elementor-button elementor-button-link elementor-size-sm\" href=\"https:\/\/www.secure-hotel-booking.com\/Trendy-Canettes-Hotel\/2LGK\/es?hotelId=5772\" target=\"_blank\">\n\t\t\t\t\t\t<span class=\"elementor-button-content-wrapper\">\n\t\t\t\t\t\t\t\t\t<span class=\"elementor-button-text\">It's for me !<\/span>\n\t\t\t\t\t<\/span>\n\t\t\t\t\t<\/a>\n\t\t\t\t<\/div>\n\t\t\t\t\t\t\t\t<\/div>\n\t\t\t\t<\/div>\n\t\t\t\t<div class=\"elementor-element elementor-element-9f0e19a elementor-widget elementor-widget-spacer\" data-id=\"9f0e19a\" data-element_type=\"widget\" data-widget_type=\"spacer.default\">\n\t\t\t\t<div class=\"elementor-widget-container\">\n\t\t\t\t\t\t\t<div class=\"elementor-spacer\">\n\t\t\t<div class=\"elementor-spacer-inner\"><\/div>\n\t\t<\/div>\n\t\t\t\t\t\t<\/div>\n\t\t\t\t<\/div>\n\t\t\t\t\t<\/div>\n\t\t\t\t<\/div>\n\t\t\t\t<\/div>\n\t\t\t\t<\/div>\n\t\t","protected":false},"excerpt":{"rendered":"<p>DOUBLE NESTSuite d\u00faplex 4 personas &#8211; 2 camas individuales y 1 cama doble Un espacio muy luminoso, dise\u00f1ado de forma dise\u00f1adora y \u00f3ptima en dos niveles para que padres e hijos se sientan inmediatamente a gusto. Cada uno tiene su propia habitaci\u00f3n: arriba con vistas&#8230;<\/p>\n","protected":false},"author":1,"featured_media":0,"parent":0,"menu_order":0,"comment_status":"open","ping_status":"closed","template":"full_width.php","meta":{"footnotes":""},"class_list":["post-16202","page","type-page","status-publish","hentry"],"_links":{"self":[{"href":"https:\/\/www.parishotelcanettes.com\/es\/wp-json\/wp\/v2\/pages\/16202","targetHints":{"allow":["GET"]}}],"collection":[{"href":"https:\/\/www.parishotelcanettes.com\/es\/wp-json\/wp\/v2\/pages"}],"about":[{"href":"https:\/\/www.parishotelcanettes.com\/es\/wp-json\/wp\/v2\/types\/page"}],"author":[{"embeddable":true,"href":"https:\/\/www.parishotelcanettes.com\/es\/wp-json\/wp\/v2\/users\/1"}],"replies":[{"embeddable":true,"href":"https:\/\/www.parishotelcanettes.com\/es\/wp-json\/wp\/v2\/comments?post=16202"}],"version-history":[{"count":14,"href":"https:\/\/www.parishotelcanettes.com\/es\/wp-json\/wp\/v2\/pages\/16202\/revisions"}],"predecessor-version":[{"id":17050,"href":"https:\/\/www.parishotelcanettes.com\/es\/wp-json\/wp\/v2\/pages\/16202\/revisions\/17050"}],"wp:attachment":[{"href":"https:\/\/www.parishotelcanettes.com\/es\/wp-json\/wp\/v2\/media?parent=16202"}],"curies":[{"name":"wp","href":"https:\/\/api.w.org\/{rel}","templated":true}]}}